{"id":829,"date":"2020-11-18T22:06:14","date_gmt":"2020-11-18T21:06:14","guid":{"rendered":"https:\/\/guzeldere.eu\/?page_id=829"},"modified":"2020-11-18T22:06:15","modified_gmt":"2020-11-18T21:06:15","slug":"webinar-turkish-french-relations","status":"publish","type":"page","link":"https:\/\/guzeldere.eu\/index.php\/webinar-turkish-french-relations\/","title":{"rendered":"Webinar Turkish French Relations"},"content":{"rendered":"\n<p>18 November 2020<\/p>\n\n\n\n<p>Online public discussion: \u201cFrench-Turkish Relations: Strategic Tensions \u2013 Escalation on Islam: What Next?\u201d<\/p>\n\n\n\n<p>You can watch the webinar in full length on Eliamep&#8217;s youtube channel: <\/p>\n\n\n\n<figure class=\"wp-block-embed-youtube wp-block-embed is-type-video is-provider-youtube wp-embed-aspect-16-9 wp-has-aspect-ratio\"><div class=\"wp-block-embed__wrapper\">\n<iframe loading=\"lazy\" title=\"French-Turkish Relations:  Strategic Tensions - Escalation on Islam: What Next?\" width=\"540\" height=\"304\" src=\"https:\/\/www.youtube.com\/embed\/wfqooXIj7a4?feature=oembed\" frameborder=\"0\" allow=\"accelerometer; autoplay; clipboard-write; encrypted-media; gyroscope; picture-in-picture; web-share\" referrerpolicy=\"strict-origin-when-cross-origin\" allowfullscreen><\/iframe>\n<\/div><\/figure>\n\n\n\n<p>Speakers:<\/p>\n\n\n\n<p><strong>Samim Akg\u00f6n\u00fcl,&nbsp;<\/strong>Professor, Strasbourg University; Researcher, French National Center for Scientific Research, (CNRS)<\/p>\n\n\n\n<p><strong>Zana \u00c7\u0131tak<\/strong>, Associate Professor, Department of International Relations, Middle&nbsp;East Technical University, Ankara<\/p>\n\n\n\n<p><strong>G\u00fcney Y\u0131ld\u0131z<\/strong>, IPC-Stiftung Mercator Fellow at German Institute for International and Security Affairs (SWP); Journalist<\/p>\n\n\n\n<p>Chair:&nbsp;<strong>Ekrem Eddy G\u00fczeldere<\/strong>, Non-Resident Senior Research Fellow, Turkey Programme, ELIAMEP.<\/p>\n","protected":false},"excerpt":{"rendered":"<p>18 November 2020 Online public discussion: \u201cFrench-Turkish Relations: Strategic Tensions \u2013 Escalation on Islam: What Next?\u201d You can watch the webinar in full length on Eliamep&#8217;s youtube channel: Speakers: Samim Akg\u00f6n\u00fcl,&nbsp;Professor, Strasbourg University; Researcher, French National Center for Scientific Research, (CNRS) Zana \u00c7\u0131tak, Associate Professor, Department of International Relations, Middle&nbsp;East Technical University, Ankara G\u00fcney Y\u0131ld\u0131z, IPC-Stiftung Mercator Fellow at German Institute for International and Security Affairs (SWP); Journalist Chair:&nbsp;Ekrem Eddy <a class=\"more-link\" href=\"https:\/\/guzeldere.eu\/index.php\/webinar-turkish-french-relations\/\">Read More &#8230;<\/a><\/p>\n","protected":false},"author":1,"featured_media":822,"parent":0,"menu_order":0,"comment_status":"closed","ping_status":"closed","template":"","meta":{"two_page_speed":[],"footnotes":""},"class_list":["post-829","page","type-page","status-publish","has-post-thumbnail","hentry"],"wps_subtitle":"","_links":{"self":[{"href":"https:\/\/guzeldere.eu\/index.php\/wp-json\/wp\/v2\/pages\/829","targetHints":{"allow":["GET"]}}],"collection":[{"href":"https:\/\/guzeldere.eu\/index.php\/wp-json\/wp\/v2\/pages"}],"about":[{"href":"https:\/\/guzeldere.eu\/index.php\/wp-json\/wp\/v2\/types\/page"}],"author":[{"embeddable":true,"href":"https:\/\/guzeldere.eu\/index.php\/wp-json\/wp\/v2\/users\/1"}],"replies":[{"embeddable":true,"href":"https:\/\/guzeldere.eu\/index.php\/wp-json\/wp\/v2\/comments?post=829"}],"version-history":[{"count":1,"href":"https:\/\/guzeldere.eu\/index.php\/wp-json\/wp\/v2\/pages\/829\/revisions"}],"predecessor-version":[{"id":830,"href":"https:\/\/guzeldere.eu\/index.php\/wp-json\/wp\/v2\/pages\/829\/revisions\/830"}],"wp:featuredmedia":[{"embeddable":true,"href":"https:\/\/guzeldere.eu\/index.php\/wp-json\/wp\/v2\/media\/822"}],"wp:attachment":[{"href":"https:\/\/guzeldere.eu\/index.php\/wp-json\/wp\/v2\/media?parent=829"}],"curies":[{"name":"wp","href":"https:\/\/api.w.org\/{rel}","templated":true}]}}