{"id":293,"date":"2018-02-07T08:50:14","date_gmt":"2018-02-07T08:50:14","guid":{"rendered":"https:\/\/guzeldere.eu\/?page_id=293"},"modified":"2023-08-21T12:05:50","modified_gmt":"2023-08-21T10:05:50","slug":"academic","status":"publish","type":"page","link":"https:\/\/guzeldere.eu\/index.php\/academic\/","title":{"rendered":"academic \/ think tank"},"content":{"rendered":"\n<h5 class=\"wp-block-heading\"><span style=\"color: #0000ff;\">Here you will find reports, scientific papers, book chapters, webinars, conference presentations and theses written for universities, scientific journalis and think tanks. For the ESI reports to which I contributed between 2007 and 2013 please visit: <a style=\"color: #0000ff;\" href=\"http:\/\/www.esiweb.org\/index.php?lang=en&amp;id=197\">http:\/\/www.esiweb.org\/index.php?lang=en&amp;id=197<\/a><\/span><\/h5>\n\n\n\n<p><strong>3 August 2023: Eliamep Policy Paper on Turkey&#8217;s Opposition after the May 2023 Election defeat<br><\/strong><\/p>\n\n\n\n<figure class=\"wp-block-embed is-type-wp-embed is-provider-ekrem-eddy-guzeldere wp-block-embed-ekrem-eddy-guzeldere\"><div class=\"wp-block-embed__wrapper\">\n<blockquote class=\"wp-embedded-content\" data-secret=\"4Dd7nuGZuR\"><a href=\"https:\/\/guzeldere.eu\/index.php\/2023\/08\/03\/no-country-for-old-fashioned-opposition-eliamep-policy-paper\/\">No country for (old-fashioned) opposition (Eliamep policy paper)<\/a><\/blockquote><iframe loading=\"lazy\" class=\"wp-embedded-content\" sandbox=\"allow-scripts\" security=\"restricted\" style=\"position: absolute; clip: rect(1px, 1px, 1px, 1px);\" title=\"&#8222;No country for (old-fashioned) opposition (Eliamep policy paper)&#8220; &#8212; Ekrem Eddy G\u00fczeldere\" src=\"https:\/\/guzeldere.eu\/index.php\/2023\/08\/03\/no-country-for-old-fashioned-opposition-eliamep-policy-paper\/embed\/#?secret=kBgkwY12BN#?secret=4Dd7nuGZuR\" data-secret=\"4Dd7nuGZuR\" width=\"540\" height=\"304\" frameborder=\"0\" marginwidth=\"0\" marginheight=\"0\" scrolling=\"no\"><\/iframe>\n<\/div><\/figure>\n\n\n\n<p><strong>23 March 2023:<\/strong><\/p>\n\n\n\n<figure class=\"wp-block-embed is-type-wp-embed is-provider-ekrem-eddy-guzeldere wp-block-embed-ekrem-eddy-guzeldere\"><div class=\"wp-block-embed__wrapper\">\n<blockquote class=\"wp-embedded-content\" data-secret=\"deMMTgSrFz\"><a href=\"https:\/\/guzeldere.eu\/index.php\/2023\/03\/23\/dersimli-kemal-for-president\/\">Dersimli Kemal for President?<\/a><\/blockquote><iframe loading=\"lazy\" class=\"wp-embedded-content\" sandbox=\"allow-scripts\" security=\"restricted\" style=\"position: absolute; clip: rect(1px, 1px, 1px, 1px);\" title=\"&#8222;Dersimli Kemal for President?&#8220; &#8212; Ekrem Eddy G\u00fczeldere\" src=\"https:\/\/guzeldere.eu\/index.php\/2023\/03\/23\/dersimli-kemal-for-president\/embed\/#?secret=fRa52m4Qjv#?secret=deMMTgSrFz\" data-secret=\"deMMTgSrFz\" width=\"540\" height=\"304\" frameborder=\"0\" marginwidth=\"0\" marginheight=\"0\" scrolling=\"no\"><\/iframe>\n<\/div><\/figure>\n\n\n\n<p>26 Jan 2023, Turkey\u2019s Kurds: Kingmakers in the upcoming elections? (Eliamep policy paper, co-written with Evangelos Areteos), <a href=\"https:\/\/guzeldere.eu\/index.php\/2023\/01\/26\/turkeys-kurds-kingmakers-in-the-upcoming-elections-eliamep-policy-paper\/\">https:\/\/guzeldere.eu\/index.php\/2023\/01\/26\/turkeys-kurds-kingmakers-in-the-upcoming-elections-eliamep-policy-paper\/<\/a><\/p>\n\n\n\n<p>29 July 2022, Eliamep policy brief based on a Eliamep-Medyascope webinar,&nbsp;<a href=\"https:\/\/guzeldere.eu\/index.php\/2022\/07\/29\/democratic-values-against-authoritarianism\/\">Democratic-values against authoritarianism?&nbsp;In the end it will be [again] the economy, stupid!<\/a><\/p>\n\n\n\n<p>15 July 2022,&nbsp;<a href=\"https:\/\/guzeldere.eu\/index.php\/eliamep-paper-turkey-in-afghanistan\/\">Eliamep-paper: Turkey in Afghanistan &#8211; more than one reason to stay<\/a><\/p>\n\n\n\n<p>July 2022:\u00a0<a href=\"https:\/\/guzeldere.eu\/index.php\/2022\/06\/17\/book-chapter-in-handbook-of-regional-conflict-resolution-initiatives-in-the-global-south\/\">Book chapter in Handbook of Regional Conflict Resolution Initiatives in the Global South<\/a><\/p>\n\n\n\n<p>22 June 2022, Eliamep-Medyascope Webinar,\u00a0<a href=\"https:\/\/guzeldere.eu\/index.php\/2022\/06\/22\/elimed-value-based-opposition-against-authoritarianism\/\">ELIMED: Value-based opposition against authoritarianism<\/a><\/p>\n\n\n\n<figure class=\"wp-block-embed is-type-wp-embed is-provider-ekrem-eddy-guzeldere wp-block-embed-ekrem-eddy-guzeldere\"><div class=\"wp-block-embed__wrapper\">\n<blockquote class=\"wp-embedded-content\" data-secret=\"z9Q9eXSti0\"><a href=\"https:\/\/guzeldere.eu\/index.php\/2022\/06\/22\/elimed-value-based-opposition-against-authoritarianism\/\">ELIMED: Value-based opposition against authoritarianism<\/a><\/blockquote><iframe loading=\"lazy\" class=\"wp-embedded-content\" sandbox=\"allow-scripts\" security=\"restricted\" style=\"position: absolute; clip: rect(1px, 1px, 1px, 1px);\" title=\"&#8222;ELIMED: Value-based opposition against authoritarianism&#8220; &#8212; Ekrem Eddy G\u00fczeldere\" src=\"https:\/\/guzeldere.eu\/index.php\/2022\/06\/22\/elimed-value-based-opposition-against-authoritarianism\/embed\/#?secret=KVGTwe3RAj#?secret=z9Q9eXSti0\" data-secret=\"z9Q9eXSti0\" width=\"540\" height=\"304\" frameborder=\"0\" marginwidth=\"0\" marginheight=\"0\" scrolling=\"no\"><\/iframe>\n<\/div><\/figure>\n\n\n\n<p>10 December 2021, Eliamep policy paper,\u00a0<a href=\"https:\/\/guzeldere.eu\/index.php\/2021\/12\/10\/germanys-new-government-coalition-a-red-yellow-or-green-light-for-german-turkish-relations\/\">Germany\u2019s New Government Coalition: A Red, Yellow or Green Light for German-Turkish Relations?<\/a><\/p>\n\n\n\n<p>9 July 2021,&nbsp;<a href=\"https:\/\/guzeldere.eu\/index.php\/2021\/07\/09\/webinar-turkey-and-the-global-south\/\">Webinar: \u201cTurkey and the Global South\u201d<\/a><\/p>\n\n\n\n<p>1 July 2021: Turkey\u2019s Soft Power in the Balkans Reaching its Limits; Policy paper for Eliamep, https:\/\/www.eliamep.gr\/wp-content\/uploads\/2021\/07\/Policy-paper-75-Guzeldere-.pdf<\/p>\n\n\n\n<p>21 Dec. 2020: Germany-Turkey Relations: It could be worse<br>Policy Paper of the think tank Eliamep about the bilateral relations, the German-EU presidency, the options beyond accession and the role and position of German-Turks \u2026 <a rel=\"noopener\" href=\"https:\/\/www.eliamep.gr\/wp-content\/uploads\/2020\/12\/Policy-Paper-Guzeldere-49-final-1.pdf\" target=\"_blank\">https:\/\/www.eliamep.gr\/wp-content\/uploads\/2020\/12\/Policy-Paper-Guzeldere-49-final-1.pdf<\/a><\/p>\n\n\n\n<p>18 Nov. 2020: Webinar \u2013 Turkish-French Relations: &#8222;Strategic Tensions \u2013 Escalation on Islam: What Next?\u201d; You can watch the webinar in full length on Eliamep\u2019s youtube channel: <a rel=\"noopener\" href=\"https:\/\/www.youtube.com\/watch?v=wfqooXIj7a4&amp;feature=emb_logo\" target=\"_blank\">https:\/\/www.youtube.com\/watch?v=wfqooXIj7a4&amp;feature=emb_logo<\/a><\/p>\n\n\n\n<figure class=\"wp-block-embed is-type-video is-provider-youtube wp-block-embed-youtube\"><div class=\"wp-block-embed__wrapper\">\n <iframe loading=\"lazy\" title=\"French-Turkish Relations:  Strategic Tensions - Escalation on Islam: What Next?\" width=\"540\" height=\"304\" src=\"https:\/\/www.youtube.com\/embed\/wfqooXIj7a4?feature=oembed\" frameborder=\"0\" allow=\"accelerometer; autoplay; clipboard-write; encrypted-media; gyroscope; picture-in-picture; web-share\" referrerpolicy=\"strict-origin-when-cross-origin\" allowfullscreen><\/iframe>\n<\/div><\/figure>\n\n\n\n<p>12 Nov. 2019, Schaukel statt Br\u00fccke?<br>Podiumsdiskussion: \u201cDie t\u00fcrkische Au\u00dfenpolitik zwischen NATO und Nahost\u201d; Veranstaltung der Europ\u00e4ischen Akademie Berlin in Zusammenarbeit mit der Friedrich Naumann Stiftung, Aus dem Programm der eab, https:\/\/www.eab-berlin.eu\/event\/schaukel-statt-bruecke\/<\/p>\n\n\n\n<p>6 Giugno 2019, Forum Turchia \u2013 UE, Roma<br>Ho partecipato al primo Forum Turchia-UE, organizzato da Mariano Giustino nel nome della ONG Turchia in Europa da subito. Il Forum aveva luogo in una sala del Senato della Repubblica vicino al Pantheon. Ho riferito nel primo panel sulle relazioni bilaterali tra UE e Turchia, parlando un po\u2019 della situazione in Turchia dopo delle lezioni del anno passato e della situazione in Germania dopo delle elezioni europee.<\/p>\n\n\n\n<figure class=\"wp-block-embed is-type-wp-embed is-provider-ekrem-eddy-guzeldere wp-block-embed-ekrem-eddy-guzeldere\"><div class=\"wp-block-embed__wrapper\">\n<blockquote class=\"wp-embedded-content\" data-secret=\"w2eqdTtskA\"><a href=\"https:\/\/guzeldere.eu\/index.php\/2018\/07\/14\/12-giugno-conferenza-sulla-turchia-roma\/\">12 Luglio 2018, Conferenza sulla Turchia, Roma<\/a><\/blockquote><iframe loading=\"lazy\" class=\"wp-embedded-content\" sandbox=\"allow-scripts\" security=\"restricted\" style=\"position: absolute; clip: rect(1px, 1px, 1px, 1px);\" title=\"&#8222;12 Luglio 2018, Conferenza sulla Turchia, Roma&#8220; &#8212; Ekrem Eddy G\u00fczeldere\" src=\"https:\/\/guzeldere.eu\/index.php\/2018\/07\/14\/12-giugno-conferenza-sulla-turchia-roma\/embed\/#?secret=pdj1vwEOrT#?secret=w2eqdTtskA\" data-secret=\"w2eqdTtskA\" width=\"540\" height=\"304\" frameborder=\"0\" marginwidth=\"0\" marginheight=\"0\" scrolling=\"no\"><\/iframe>\n<\/div><\/figure>\n\n\n\n<p>May 2018: FUNAG, the foundation of the Brazilian MFA Itamaraty, published my enlarged and updated (not so much to update) PhD thesis as a book, available as pdf download for free and as traditional book for 31 RS (ca. 7 Euros). Both available through the FUNAG library, <a href=\"http:\/\/funag.gov.br\/loja\/index.php?route=product\/product&amp;product_id=938\" target=\"_blank\" rel=\"noopener noreferrer\">http:\/\/funag.gov.br\/loja\/index.php?route=product\/product&amp;product_id=938<\/a><\/p>\n\n\n\n<p>November 2017: My PhD thesis, which I wrote as an external student at the University of Hamburg from October 2015 to October 2016, was published, entitled &#8222;Brazil-Turkey Relations &#8211; a role theoretical analysis of emerging powers&#8220; and is available for free at <a href=\"http:\/\/ediss.sub.uni-hamburg.de\/volltexte\/2017\/8796\/\" target=\"_blank\" rel=\"noopener noreferrer\">http:\/\/ediss.sub.uni-hamburg.de\/volltexte\/2017\/8796\/<\/a><\/p>\n\n\n\n<p>December 2014, Die Kurden und der IS (zusammen mit Ergin G\u00fcne\u015f) Welttrends, <a href=\"http:\/\/welttrends.de\/heft-99\/\" target=\"_blank\" rel=\"noopener noreferrer\">http:\/\/welttrends.de\/heft-99\/<\/a><\/p>\n\n\n\n<p>May 2014, &#8222;A Political Romance: Relations between Turkey and Bosnia and Herzegovina&#8220;, co-author, Populari think tank Sarajevo, <a href=\"http:\/\/www.populari.org\/index.php?bGFuZz1lbiZyPTImbD0yJmU9MjA0\" target=\"_blank\" rel=\"noopener noreferrer\">http:\/\/www.populari.org\/index.php?bGFuZz1lbiZyPTImbD0yJmU9MjA0<\/a><\/p>\n\n\n\n<p>June 2012: Book chapter: \u201cCivilianizing Turkish policy \u2013 civil society in decision-making and civil-military relations\u201c, in Abbas Kadhim (ed.), &#8222;Governance in the Middle East and North Africa&#8220;, Routledge International Handbooks <a href=\"http:\/\/www.routledge.com\/books\/details\/9781857435849\/\" target=\"_blank\" rel=\"noopener noreferrer\">http:\/\/www.routledge.com\/books\/details\/9781857435849\/<\/a><\/p>\n\n\n\n<p>Inamo, Fall 2011: \u201cDie Aleviten\u201c, <a href=\"http:\/\/esiweb.academia.edu\/EkremEddyG%C3%BCzeldere\/Papers\/1085639\/Die_Aleviten\" target=\"_blank\" rel=\"noopener noreferrer\">http:\/\/esiweb.academia.edu\/EkremEddyG%C3%BCzeldere\/Papers\/1085639\/Die_Aleviten<\/a><\/p>\n\n\n\n<p>Book chapter summer 2011: \u201cThe AKP, Civil Society and the Kurdish Question\u201c, in Marchetti\/Tocci: \u201cConflict Society and Peacebuilding\u201c, Routledge New Delhi, <a href=\"http:\/\/www.amazon.co.uk\/Conflict-Society-Peace-building-Comparative-Perspectives\/dp\/toc\/041568563X\" target=\"_blank\" rel=\"noopener noreferrer\">http:\/\/www.amazon.co.uk\/Conflict-Society-Peace-building-Comparative-Perspectives\/dp\/toc\/041568563X<\/a><\/p>\n\n\n\n<p>January 2011, S\u00fcdosteuropa 58 (2010) together with Gerald Knaus<br>Generals, Christians and Turkey\u2019s European Revolution<br><a href=\"http:\/\/www.suedost-institut.de\/fileadmin\/dokumente\/SOE_2010_3_IHV_fuer_HP.pdf\" target=\"_blank\" rel=\"noopener noreferrer\">http:\/\/www.suedost-institut.de\/fileadmin\/dokumente\/SOE_2010_3_IHV_fuer_HP.pdf<\/a><\/p>\n\n\n\n<p>19 August 2009, Turkish Foreign Policy: From \u201cSurrounded by Enemies\u201d to \u201cZero Problems\u201d<br>Centre for Applied Policy Research (CAP) &#8211; Policy Analysis<br><a href=\"http:\/\/www.cap.uni-muenchen.de\/download\/2009\/CAP-Policy-Analysis-2009-01.pdf\" target=\"_blank\" rel=\"noopener noreferrer\">http:\/\/www.cap.uni-muenchen.de\/download\/2009\/CAP-Policy-Analysis-2009-01.pdf<\/a><\/p>\n\n\n\n<p>8 August 2009, Turkey: Regional Elections and the Kurdish Question (Peer reviewed)<br>Caucasus Review of International Affairs, <a href=\"http:\/\/cria-online.org\/Issue_8.html\" target=\"_blank\" rel=\"noopener noreferrer\">http:\/\/cria-online.org\/Issue_8.html<\/a><\/p>\n\n\n\n<p>FernUniversit\u00e4t Hagen, Kurden in der T\u00fcrkei &#8211; Kann V\u00f6lkerrecht zum Frieden f\u00fchren?<br>Master\u2019s thesis, September 2008 (bitte kontaktieren Sie mich f\u00fcr ein pdf Dokument)<\/p>\n\n\n\n<p>Turkish Policy Quarterly, Was There, Is There, Will There Be A Kurdish Plan?, August 2008,<br><a href=\"http:\/\/www.turkishpolicy.com\/index.php?option=com_content&amp;task=view&amp;id=459&amp;Itemid=230\" target=\"_blank\" rel=\"noopener noreferrer\">http:\/\/www.turkishpolicy.com\/index.php?option=com_content&amp;task=view&amp;id=459&amp;Itemid=230<\/a><\/p>\n\n\n\n<p>Freie Universit\u00e4t Berlin, Zivilgesellschaft in autorit\u00e4ren Staaten &#8211; \u00c4gypten und die T\u00fcrkei im Vergleich, Master\u2019s Thesis in Political Science, June 2000, <a href=\"http:\/\/www.grin.com\/e-book\/115822\/zivilgesellschaft-in-autoritaeren-staaten-aegypten-und-die-tuerkei-im-vergleich\" target=\"_blank\" rel=\"noopener noreferrer\">http:\/\/www.grin.com\/e-book\/115822\/zivilgesellschaft-in-autoritaeren-staaten-aegypten-und-die-tuerkei-im-vergleich<\/a><\/p>\n\n\n\n<hr class=\"wp-block-separator has-alpha-channel-opacity\"\/>\n\n\n\n<p style=\"font-size:22px\"><strong>A selection of conferences since 2014:<\/strong><\/p>\n\n\n\n<p>&#8211; 28 June 2022, Online discussion: \u201c<a href=\"https:\/\/www.youtube.com\/watch?v=lTQ9MNTUshA\">Value-based opposition against authoritarianism<\/a>?\u201d, ELIAMEP-MEDYASCOPE Media Series (ELIMED).<\/p>\n\n\n\n<p>&#8211; 26 January 2022, Eliamep-Webinar: \u201cWhat does the new German government mean for Turkey and its relations with the European Union?\u201d (Organisation and Moderation).<\/p>\n\n\n\n<p><strong>&#8211; <\/strong>13 July 2021, \u201cTurkey and the Global South\u201d (Eliamep Webinar, Organisation &amp; Moderation)<\/p>\n\n\n\n<p><strong>&#8211;<\/strong> 30 June 2021, \u201cThe East-Med and Turkey during Portugal\u2019s EU presidency\u201d (Eliamep Webinar, Organisation &amp; Moderation)<\/p>\n\n\n\n<p>&#8211; 18 Nov. 2020, \u201c<a href=\"https:\/\/www.eliamep.gr\/wp-content\/uploads\/2020\/11\/Invitation_18.11.pdf\">French-Turkish Relations: Strategic Tensions \u2013 Escalation on Islam: What Next?\u201d<\/a><\/p>\n\n\n\n<p>&#8211; 12 Nov. 2019, Schaukel statt Br\u00fccke? Die t\u00fcrkische Au\u00dfenpolitik zwischen NATO und Nahost, Europ\u00e4ische Akademie Berlin und Friedrich Naumann Stiftung.<\/p>\n\n\n\n<p>&#8211; 6 June 2019, Forum Turkey-EU, Senate, Rome\/Italy.<\/p>\n\n\n\n<p>&#8211; 12 July 2018, Turkey in the new presidential system (in Italian), Rome<\/p>\n\n\n\n<p>29 Sept.-1 Oct. 2017, In drei Tagen durch die Europ\u00e4ische Nachbarschaft, Academy Tutzing, speaker in panel on Turkey, https:\/\/www.apb-tutzing.de\/programm\/tagung\/39-3-17<\/p>\n\n\n\n<p>&#8211; 19 September 2017, Turkey-EU seminary, Turkey in Europe Now, Rome (via skype), http:\/\/www.radioradicale.it\/scheda\/520103\/primo-seminario-di-lavoro-sui-rapporti-turchia-ue<\/p>\n\n\n\n<p>&#8211; 12-14 April 2017, Democracy at a Turning Point, Zagreb University, Presentation: \u201c\u201cEmerging powers and (il)liberal democracies\u201d<\/p>\n\n\n\n<p>&#8211; 21 February 2017, Lecture at the Swedish Research Institute in Istanbul on \u201cTurkey-Brazil: do odd partners really make good couples?\u201d<\/p>\n\n\n\n<p>&#8211; 14-17 September 2016, Workshop \u201cT\u00fcrkeiforschung in Deutschland IV\u201d presentation of Turkey-Brazil relations, University of Hamburg.<\/p>\n\n\n\n<p>&#8211; 26\/27 March 2016, ELAIC 2016 conference, presentation: Turkey-Brazil relations, Bah\u00e7e\u015fehir University.<\/p>\n\n\n\n<p>&#8211; 9 July 2015, talk to international students (IES organization) about the Kurdish issue in Turkey.<\/p>\n\n\n\n<p>&#8211; 22-23 May 2015, CESRAN conference in Konya on Eurasia, presentation on Brazil-Eurasia relations<\/p>\n\n\n\n<p>&#8211; 13 April 2015, Introduction to modern Turkish politics, international student group, Istanbul<\/p>\n\n\n\n<p>&#8211; 20 July 2014 Nachspiel &#8211; Brasilien nach der WM, Munich, presentation of the situation in Brazil during the world cup and a comparison of the protest movements in Turkey and Brazil, Friedrich-Ebert Foundation<\/p>\n\n\n\n<p>&#8211; 10 May 2014, Zeit fellows conference Istanbul, presentation on the situation of the media, freedom of the press<\/p>\n\n\n\n<p>&#8211; 5 Mai 2014, Middle East Conference of the Protestant Church of Germany, Istanbul, presentation on the Kurdish issue and the situation of minorities.<\/p>\n","protected":false},"excerpt":{"rendered":"<p>Here you will find reports, scientific papers, book chapters, webinars, conference presentations and theses written for universities, scientific journalis and think tanks. For the ESI reports to which I contributed between 2007 and 2013 please visit: http:\/\/www.esiweb.org\/index.php?lang=en&amp;id=197 3 August 2023: Eliamep Policy Paper on Turkey&#8217;s Opposition after the May 2023 Election defeat 23 March 2023: 26 Jan 2023, Turkey\u2019s Kurds: Kingmakers in the upcoming elections? (Eliamep policy paper, co-written with <a class=\"more-link\" href=\"https:\/\/guzeldere.eu\/index.php\/academic\/\">Read More &#8230;<\/a><\/p>\n","protected":false},"author":1,"featured_media":0,"parent":0,"menu_order":0,"comment_status":"closed","ping_status":"closed","template":"","meta":{"two_page_speed":[],"footnotes":""},"class_list":["post-293","page","type-page","status-publish","hentry"],"wps_subtitle":"","_links":{"self":[{"href":"https:\/\/guzeldere.eu\/index.php\/wp-json\/wp\/v2\/pages\/293","targetHints":{"allow":["GET"]}}],"collection":[{"href":"https:\/\/guzeldere.eu\/index.php\/wp-json\/wp\/v2\/pages"}],"about":[{"href":"https:\/\/guzeldere.eu\/index.php\/wp-json\/wp\/v2\/types\/page"}],"author":[{"embeddable":true,"href":"https:\/\/guzeldere.eu\/index.php\/wp-json\/wp\/v2\/users\/1"}],"replies":[{"embeddable":true,"href":"https:\/\/guzeldere.eu\/index.php\/wp-json\/wp\/v2\/comments?post=293"}],"version-history":[{"count":30,"href":"https:\/\/guzeldere.eu\/index.php\/wp-json\/wp\/v2\/pages\/293\/revisions"}],"predecessor-version":[{"id":1492,"href":"https:\/\/guzeldere.eu\/index.php\/wp-json\/wp\/v2\/pages\/293\/revisions\/1492"}],"wp:attachment":[{"href":"https:\/\/guzeldere.eu\/index.php\/wp-json\/wp\/v2\/media?parent=293"}],"curies":[{"name":"wp","href":"https:\/\/api.w.org\/{rel}","templated":true}]}}