{"id":1466,"date":"2023-08-03T18:05:01","date_gmt":"2023-08-03T16:05:01","guid":{"rendered":"https:\/\/guzeldere.eu\/?page_id=1466"},"modified":"2023-08-03T18:05:01","modified_gmt":"2023-08-03T16:05:01","slug":"1466-2","status":"publish","type":"page","link":"https:\/\/guzeldere.eu\/index.php\/1466-2\/","title":{"rendered":""},"content":{"rendered":"\n<figure class=\"wp-block-image size-full\"><a href=\"https:\/\/guzeldere.eu\/index.php\/2023\/08\/03\/no-country-for-old-fashioned-opposition-eliamep-policy-paper\/\"><img loading=\"lazy\" decoding=\"async\" width=\"713\" height=\"435\" src=\"https:\/\/guzeldere.eu\/wp-content\/uploads\/2023\/08\/Eliamep-opposition-small.jpg\" alt=\"\" class=\"wp-image-1464\" srcset=\"https:\/\/guzeldere.eu\/wp-content\/uploads\/2023\/08\/Eliamep-opposition-small.jpg 713w, https:\/\/guzeldere.eu\/wp-content\/uploads\/2023\/08\/Eliamep-opposition-small-300x183.jpg 300w\" sizes=\"auto, (max-width: 713px) 100vw, 713px\" \/><\/a><\/figure>\n\n\n\n<p class=\"has-normal-font-size\"><a href=\"https:\/\/guzeldere.eu\/index.php\/2023\/08\/03\/no-country-for-old-fashioned-opposition-eliamep-policy-paper\/\" target=\"_blank\" rel=\"noreferrer noopener\">Eliamep Policy Paper: No Country for (old-fashioned) opposition<\/a><\/p>\n\n\n\n<figure class=\"wp-block-embed is-type-wp-embed is-provider-ekrem-eddy-guzeldere wp-block-embed-ekrem-eddy-guzeldere\"><div class=\"wp-block-embed__wrapper\">\n<blockquote class=\"wp-embedded-content\" data-secret=\"fOhnjrRl9p\"><a href=\"https:\/\/guzeldere.eu\/index.php\/2023\/08\/03\/no-country-for-old-fashioned-opposition-eliamep-policy-paper\/\">No country for (old-fashioned) opposition (Eliamep policy paper)<\/a><\/blockquote><iframe loading=\"lazy\" class=\"wp-embedded-content\" sandbox=\"allow-scripts\" security=\"restricted\" style=\"position: absolute; visibility: hidden;\" title=\"&#8222;No country for (old-fashioned) opposition (Eliamep policy paper)&#8220; &#8212; Ekrem Eddy G\u00fczeldere\" src=\"https:\/\/guzeldere.eu\/index.php\/2023\/08\/03\/no-country-for-old-fashioned-opposition-eliamep-policy-paper\/embed\/#?secret=6I0fAXrG3o#?secret=fOhnjrRl9p\" data-secret=\"fOhnjrRl9p\" width=\"540\" height=\"304\" frameborder=\"0\" marginwidth=\"0\" marginheight=\"0\" scrolling=\"no\"><\/iframe>\n<\/div><\/figure>\n\n\n\n<pre class=\"wp-block-code\"><code>Even if the \u201cmost important election of the century\u201d happened just two months ago, Turkey is already preparing for another important electoral show-down: the municipal elections of March 2024.\n\nSince the May elections, the momentum has been with the government, in terms of its alliance, strategy, and programme for the term ahead.\n\nIt is possible that Turkey will have no viable Opposition in the immediate future.\n\nIt looks as if Kemal K\u0131l\u0131\u00e7daro\u011flu, CHP chairman since 2010, will continue as if \u201cnothing has happened\u201d.\n\nThe CHP\u2019s alignment with the extreme right (Zafer) makes a future collaboration with the HDP unlikely.\n\nThe HDP will have a new leadership in November 2023 and might field its own candidates in the 2024 municipal elections.\n\nThe three conservative parties in the Nation Alliance\u2014Saadet, Deva and Gelecek\u2014are facing a crisis of purpose: they are irrelevant independently, but a merger seems unlikely and they are unhappy within the current alliance.\n\nIf the Opposition doesn\u2019t act together, the AKP will most likely enjoy a landslide victory in the March 2024 municipal elections.<\/code><\/pre>\n","protected":false},"excerpt":{"rendered":"<p>Eliamep Policy Paper: No Country for (old-fashioned) opposition<\/p>\n","protected":false},"author":1,"featured_media":0,"parent":0,"menu_order":0,"comment_status":"closed","ping_status":"closed","template":"","meta":{"two_page_speed":[],"footnotes":""},"class_list":["post-1466","page","type-page","status-publish","hentry"],"wps_subtitle":"","_links":{"self":[{"href":"https:\/\/guzeldere.eu\/index.php\/wp-json\/wp\/v2\/pages\/1466","targetHints":{"allow":["GET"]}}],"collection":[{"href":"https:\/\/guzeldere.eu\/index.php\/wp-json\/wp\/v2\/pages"}],"about":[{"href":"https:\/\/guzeldere.eu\/index.php\/wp-json\/wp\/v2\/types\/page"}],"author":[{"embeddable":true,"href":"https:\/\/guzeldere.eu\/index.php\/wp-json\/wp\/v2\/users\/1"}],"replies":[{"embeddable":true,"href":"https:\/\/guzeldere.eu\/index.php\/wp-json\/wp\/v2\/comments?post=1466"}],"version-history":[{"count":1,"href":"https:\/\/guzeldere.eu\/index.php\/wp-json\/wp\/v2\/pages\/1466\/revisions"}],"predecessor-version":[{"id":1467,"href":"https:\/\/guzeldere.eu\/index.php\/wp-json\/wp\/v2\/pages\/1466\/revisions\/1467"}],"wp:attachment":[{"href":"https:\/\/guzeldere.eu\/index.php\/wp-json\/wp\/v2\/media?parent=1466"}],"curies":[{"name":"wp","href":"https:\/\/api.w.org\/{rel}","templated":true}]}}